{"id":304,"date":"2021-02-02T17:18:13","date_gmt":"2021-02-02T16:18:13","guid":{"rendered":"http:\/\/mysteresetbouledecristal.fr\/?page_id=304"},"modified":"2025-02-05T14:48:16","modified_gmt":"2025-02-05T13:48:16","slug":"le-blog-de-sabine","status":"publish","type":"page","link":"https:\/\/mysteresetbouledecristal.fr\/?page_id=304","title":{"rendered":"Le Blog De Sabine"},"content":{"rendered":"\t\t<div data-elementor-type=\"wp-page\" data-elementor-id=\"304\" class=\"elementor elementor-304\" data-elementor-settings=\"[]\">\n\t\t\t\t\t\t\t<div class=\"elementor-section-wrap\">\n\t\t\t\t\t\t\t<section class=\"elementor-section elementor-top-section elementor-element elementor-element-249e3490 elementor-section-boxed elementor-section-height-default elementor-section-height-default\" data-id=\"249e3490\" data-element_type=\"section\" data-settings=\"{&quot;background_background&quot;:&quot;classic&quot;}\">\n\t\t\t\t\t\t<div class=\"elementor-container elementor-column-gap-default\">\n\t\t\t\t\t<div class=\"elementor-column elementor-col-100 elementor-top-column elementor-element elementor-element-5008ecec\" data-id=\"5008ecec\" data-element_type=\"column\">\n\t\t\t<div class=\"elementor-widget-wrap elementor-element-populated\">\n\t\t\t\t\t\t\t\t<div class=\"elementor-element elementor-element-6a8150de elementor-absolute elementor-widget elementor-widget-text-editor\" data-id=\"6a8150de\" data-element_type=\"widget\" data-settings=\"{&quot;_position&quot;:&quot;absolute&quot;}\" data-widget_type=\"text-editor.default\">\n\t\t\t\t<div class=\"elementor-widget-container\">\n\t\t\t\t\t<div class=\"elementor-text-editor elementor-clearfix\"><h2 style=\"text-align: center;\"><span style=\"color: #0000ff;\"><em><strong>Hello tout le monde !<\/strong><\/em><\/span><\/h2><\/div>\n\t\t\t\t<\/div>\n\t\t\t\t<\/div>\n\t\t\t\t<div class=\"elementor-element elementor-element-49c345f elementor-widget elementor-widget-text-editor\" data-id=\"49c345f\" data-element_type=\"widget\" data-widget_type=\"text-editor.default\">\n\t\t\t\t<div class=\"elementor-widget-container\">\n\t\t\t\t\t<div class=\"elementor-text-editor elementor-clearfix\"><p style=\"text-align: center;\"><em><span style=\"color: #ff9900;\">J&#8217;esp\u00e8re que vous serez nombreux \u00e0 nous suivre, une belle aventure commence aujourd\u2019hui avec la cr\u00e9ation de notre boutique mais \u00e9galement de ce blog.<\/span><\/em><\/p><p><em><span style=\"text-decoration: underline; color: #3366ff;\"><strong>Un Journal Quotidien <\/strong><\/span><span style=\"color: #ff9900;\">que vous pourrez suivre, o\u00f9 vous d\u00e9couvrirez aussi les dates de nos ateliers, des ventes-priv\u00e9es, des Horoscopes de Mallaury, ainsi que toutes les informations que je souhaiterais partager avec vous.<\/span><\/em><\/p><p><em><span style=\"color: #ff9900;\">Ici, vous aurez la possibilit\u00e9 de connaitre mes avis sur certains de nos produits, je vous partagerai aussi nos futurs projets. <\/span><\/em><\/p><p><em><span style=\"text-decoration: underline; color: #3366ff;\"><strong>OUI ! vous avez bien compris, on parlera de tout !<\/strong><\/span><\/em><\/p><\/div>\n\t\t\t\t<\/div>\n\t\t\t\t<\/div>\n\t\t\t\t\t<\/div>\n\t\t<\/div>\n\t\t\t\t\t\t\t<\/div>\n\t\t<\/section>\n\t\t\t\t<section class=\"elementor-section elementor-top-section elementor-element elementor-element-c17b66e elementor-section-full_width elementor-section-height-default elementor-section-height-default\" data-id=\"c17b66e\" data-element_type=\"section\" data-settings=\"{&quot;animation&quot;:&quot;none&quot;}\">\n\t\t\t\t\t\t<div class=\"elementor-container elementor-column-gap-default\">\n\t\t\t\t\t<div class=\"elementor-column elementor-col-100 elementor-top-column elementor-element elementor-element-10cb920\" data-id=\"10cb920\" data-element_type=\"column\" data-settings=\"{&quot;animation&quot;:&quot;none&quot;}\">\n\t\t\t<div class=\"elementor-widget-wrap elementor-element-populated\">\n\t\t\t\t\t\t\t\t<div class=\"elementor-element elementor-element-bcbd483 animated-slow elementor-widget__width-inherit elementor-widget elementor-widget-wp-widget-recent-posts\" data-id=\"bcbd483\" data-element_type=\"widget\" data-settings=\"{&quot;_animation&quot;:&quot;none&quot;}\" data-widget_type=\"wp-widget-recent-posts.default\">\n\t\t\t\t<div class=\"elementor-widget-container\">\n\t\t\t\n\t\t\n\t\t<h5>Articles R\u00e9cents :<\/h5>\n\t\t<ul>\n\t\t\t\t\t\t\t\t\t\t\t<li>\n\t\t\t\t\t<a href=\"https:\/\/mysteresetbouledecristal.fr\/?p=910\">Comment s\u2019\u00e9loigner des personnes toxiques?<\/a>\n\t\t\t\t\t\t\t\t\t\t\t<span class=\"post-date\">24 avril 2021<\/span>\n\t\t\t\t\t\t\t\t\t<\/li>\n\t\t\t\t\t\t\t\t\t\t\t<li>\n\t\t\t\t\t<a href=\"https:\/\/mysteresetbouledecristal.fr\/?p=889\">Quelles pierres utilis\u00e9es pour combattre la tristesse,la d\u00e9prime?sur quel chakra agissent elles ?<\/a>\n\t\t\t\t\t\t\t\t\t\t\t<span class=\"post-date\">30 mars 2021<\/span>\n\t\t\t\t\t\t\t\t\t<\/li>\n\t\t\t\t\t\t\t\t\t\t\t<li>\n\t\t\t\t\t<a href=\"https:\/\/mysteresetbouledecristal.fr\/?p=885\">Pr\u00e9visions et pr\u00e9dictions<\/a>\n\t\t\t\t\t\t\t\t\t\t\t<span class=\"post-date\">29 mars 2021<\/span>\n\t\t\t\t\t\t\t\t\t<\/li>\n\t\t\t\t\t\t\t\t\t\t\t<li>\n\t\t\t\t\t<a href=\"https:\/\/mysteresetbouledecristal.fr\/?p=881\">Duo Mystique<\/a>\n\t\t\t\t\t\t\t\t\t\t\t<span class=\"post-date\">26 mars 2021<\/span>\n\t\t\t\t\t\t\t\t\t<\/li>\n\t\t\t\t\t\t\t\t\t\t\t<li>\n\t\t\t\t\t<a href=\"https:\/\/mysteresetbouledecristal.fr\/?p=876\">\u00c9veil Spirituel<\/a>\n\t\t\t\t\t\t\t\t\t\t\t<span class=\"post-date\">26 mars 2021<\/span>\n\t\t\t\t\t\t\t\t\t<\/li>\n\t\t\t\t\t\t\t\t\t\t\t<li>\n\t\t\t\t\t<a href=\"https:\/\/mysteresetbouledecristal.fr\/?p=873\">Le taux vibratoire<\/a>\n\t\t\t\t\t\t\t\t\t\t\t<span class=\"post-date\">26 mars 2021<\/span>\n\t\t\t\t\t\t\t\t\t<\/li>\n\t\t\t\t\t\t\t\t\t\t\t<li>\n\t\t\t\t\t<a href=\"https:\/\/mysteresetbouledecristal.fr\/?p=866\">QUAND NOS \u00c9MOTIONS PARLENT&#8230;<\/a>\n\t\t\t\t\t\t\t\t\t\t\t<span class=\"post-date\">23 mars 2021<\/span>\n\t\t\t\t\t\t\t\t\t<\/li>\n\t\t\t\t\t\t\t\t\t\t\t<li>\n\t\t\t\t\t<a href=\"https:\/\/mysteresetbouledecristal.fr\/?p=863\">Horoscope du 23 mars au 30 mars<\/a>\n\t\t\t\t\t\t\t\t\t\t\t<span class=\"post-date\">23 mars 2021<\/span>\n\t\t\t\t\t\t\t\t\t<\/li>\n\t\t\t\t\t<\/ul>\n\n\t\t\t\t<\/div>\n\t\t\t\t<\/div>\n\t\t\t\t\t<\/div>\n\t\t<\/div>\n\t\t\t\t\t\t\t<\/div>\n\t\t<\/section>\n\t\t\t\t<section class=\"elementor-section elementor-top-section elementor-element elementor-element-b96b3f3 elementor-section-boxed elementor-section-height-default elementor-section-height-default\" data-id=\"b96b3f3\" data-element_type=\"section\">\n\t\t\t\t\t\t<div class=\"elementor-container elementor-column-gap-default\">\n\t\t\t\t\t<div class=\"elementor-column elementor-col-100 elementor-top-column elementor-element elementor-element-b48c540\" data-id=\"b48c540\" data-element_type=\"column\">\n\t\t\t<div class=\"elementor-widget-wrap elementor-element-populated\">\n\t\t\t\t\t\t\t\t<div class=\"elementor-element elementor-element-63bce8d elementor-button-info elementor-align-center elementor-widget elementor-widget-button\" data-id=\"63bce8d\" data-element_type=\"widget\" data-settings=\"{&quot;_animation&quot;:&quot;none&quot;}\" data-widget_type=\"button.default\">\n\t\t\t\t<div class=\"elementor-widget-container\">\n\t\t\t\t\t<div class=\"elementor-button-wrapper\">\n\t\t\t<a href=\"https:\/\/www.radio-blc.fr\/chroniques\/voyance.html\" target=\"_blank\" class=\"elementor-button-link elementor-button elementor-size-md\" role=\"button\">\n\t\t\t\t\t\t<span class=\"elementor-button-content-wrapper\">\n\t\t\t\t\t\t<span class=\"elementor-button-text\">Et pour nous suivre sur Radio B.L.C Cambr\u00e9sis, cliquez ici<\/span>\n\t\t<\/span>\n\t\t\t\t\t<\/a>\n\t\t<\/div>\n\t\t\t\t<\/div>\n\t\t\t\t<\/div>\n\t\t\t\t\t<\/div>\n\t\t<\/div>\n\t\t\t\t\t\t\t<\/div>\n\t\t<\/section>\n\t\t\t\t<section class=\"elementor-section elementor-top-section elementor-element elementor-element-0d171aa elementor-section-boxed elementor-section-height-default elementor-section-height-default\" data-id=\"0d171aa\" data-element_type=\"section\">\n\t\t\t\t\t\t<div class=\"elementor-container elementor-column-gap-default\">\n\t\t\t\t\t<div class=\"elementor-column elementor-col-100 elementor-top-column elementor-element elementor-element-7a82859\" data-id=\"7a82859\" data-element_type=\"column\">\n\t\t\t<div class=\"elementor-widget-wrap elementor-element-populated\">\n\t\t\t\t\t\t\t\t<div class=\"elementor-element elementor-element-b473c18 elementor-aspect-ratio-169 elementor-widget elementor-widget-video\" data-id=\"b473c18\" data-element_type=\"widget\" data-settings=\"{&quot;youtube_url&quot;:&quot;https:\\\/\\\/www.youtube.com\\\/watch?v=Fk17xcKFyFE&quot;,&quot;autoplay&quot;:&quot;yes&quot;,&quot;video_type&quot;:&quot;youtube&quot;,&quot;controls&quot;:&quot;yes&quot;,&quot;aspect_ratio&quot;:&quot;169&quot;}\" data-widget_type=\"video.default\">\n\t\t\t\t<div class=\"elementor-widget-container\">\n\t\t\t\t\t<div class=\"elementor-wrapper elementor-fit-aspect-ratio elementor-open-inline\">\n\t\t\t<div class=\"elementor-video\"><\/div>\t\t<\/div>\n\t\t\t\t<\/div>\n\t\t\t\t<\/div>\n\t\t\t\t\t<\/div>\n\t\t<\/div>\n\t\t\t\t\t\t\t<\/div>\n\t\t<\/section>\n\t\t\t\t<section class=\"elementor-section elementor-top-section elementor-element elementor-element-4595d41 elementor-section-boxed elementor-section-height-default elementor-section-height-default\" data-id=\"4595d41\" data-element_type=\"section\">\n\t\t\t\t\t\t<div class=\"elementor-container elementor-column-gap-default\">\n\t\t\t\t\t<div class=\"elementor-column elementor-col-100 elementor-top-column elementor-element elementor-element-044d221\" data-id=\"044d221\" data-element_type=\"column\">\n\t\t\t<div class=\"elementor-widget-wrap elementor-element-populated\">\n\t\t\t\t\t\t\t\t<div class=\"elementor-element elementor-element-d24dbf2 elementor-shape-rounded elementor-grid-0 e-grid-align-center elementor-widget elementor-widget-social-icons\" data-id=\"d24dbf2\" data-element_type=\"widget\" data-widget_type=\"social-icons.default\">\n\t\t\t\t<div class=\"elementor-widget-container\">\n\t\t\t\t\t<div class=\"elementor-social-icons-wrapper elementor-grid\">\n\t\t\t\t\t\t\t<div class=\"elementor-grid-item\">\n\t\t\t\t\t<a class=\"elementor-icon elementor-social-icon elementor-social-icon-facebook elementor-repeater-item-68143b7\" href=\"https:\/\/www.facebook.com\/sabine.frigard\" target=\"_blank\">\n\t\t\t\t\t\t<span class=\"elementor-screen-only\">Facebook<\/span>\n\t\t\t\t\t\t<i class=\"fab fa-facebook\"><\/i>\t\t\t\t\t<\/a>\n\t\t\t\t<\/div>\n\t\t\t\t\t\t\t<div class=\"elementor-grid-item\">\n\t\t\t\t\t<a class=\"elementor-icon elementor-social-icon elementor-social-icon-instagram elementor-repeater-item-b49ccff\" href=\"https:\/\/www.instagram.com\/tchektonastro\/\" target=\"_blank\">\n\t\t\t\t\t\t<span class=\"elementor-screen-only\">Instagram<\/span>\n\t\t\t\t\t\t<i class=\"fab fa-instagram\"><\/i>\t\t\t\t\t<\/a>\n\t\t\t\t<\/div>\n\t\t\t\t\t\t\t<div class=\"elementor-grid-item\">\n\t\t\t\t\t<a class=\"elementor-icon elementor-social-icon elementor-social-icon-youtube elementor-repeater-item-ddc127d\" href=\"https:\/\/www.youtube.com\/channel\/UCY4e6Ff-CQ-JJRYaq2tbiNw\" target=\"_blank\">\n\t\t\t\t\t\t<span class=\"elementor-screen-only\">Youtube<\/span>\n\t\t\t\t\t\t<i class=\"fab fa-youtube\"><\/i>\t\t\t\t\t<\/a>\n\t\t\t\t<\/div>\n\t\t\t\t\t<\/div>\n\t\t\t\t<\/div>\n\t\t\t\t<\/div>\n\t\t\t\t\t<\/div>\n\t\t<\/div>\n\t\t\t\t\t\t\t<\/div>\n\t\t<\/section>\n\t\t\t\t\t\t<\/div>\n\t\t\t\t\t<\/div>\n\t\t","protected":false},"excerpt":{"rendered":"<p>Hello tout le monde ! J&#8217;esp\u00e8re que vous serez nombreux \u00e0 nous suivre, une belle aventure commence aujourd\u2019hui avec la&hellip;<\/p>\n","protected":false},"author":1,"featured_media":305,"parent":0,"menu_order":0,"comment_status":"closed","ping_status":"closed","template":"","meta":{"footnotes":""},"class_list":["post-304","page","type-page","status-publish","has-post-thumbnail","hentry"],"jetpack_sharing_enabled":true,"_links":{"self":[{"href":"https:\/\/mysteresetbouledecristal.fr\/index.php?rest_route=\/wp\/v2\/pages\/304","targetHints":{"allow":["GET"]}}],"collection":[{"href":"https:\/\/mysteresetbouledecristal.fr\/index.php?rest_route=\/wp\/v2\/pages"}],"about":[{"href":"https:\/\/mysteresetbouledecristal.fr\/index.php?rest_route=\/wp\/v2\/types\/page"}],"author":[{"embeddable":true,"href":"https:\/\/mysteresetbouledecristal.fr\/index.php?rest_route=\/wp\/v2\/users\/1"}],"replies":[{"embeddable":true,"href":"https:\/\/mysteresetbouledecristal.fr\/index.php?rest_route=%2Fwp%2Fv2%2Fcomments&post=304"}],"version-history":[{"count":69,"href":"https:\/\/mysteresetbouledecristal.fr\/index.php?rest_route=\/wp\/v2\/pages\/304\/revisions"}],"predecessor-version":[{"id":1841,"href":"https:\/\/mysteresetbouledecristal.fr\/index.php?rest_route=\/wp\/v2\/pages\/304\/revisions\/1841"}],"wp:featuredmedia":[{"embeddable":true,"href":"https:\/\/mysteresetbouledecristal.fr\/index.php?rest_route=\/wp\/v2\/media\/305"}],"wp:attachment":[{"href":"https:\/\/mysteresetbouledecristal.fr\/index.php?rest_route=%2Fwp%2Fv2%2Fmedia&parent=304"}],"curies":[{"name":"wp","href":"https:\/\/api.w.org\/{rel}","templated":true}]}}