{"id":610,"date":"2021-02-10T23:24:19","date_gmt":"2021-02-10T22:24:19","guid":{"rendered":"https:\/\/mysteresetbouledecristal.fr\/?post_type=product&#038;p=610"},"modified":"2021-02-10T23:29:20","modified_gmt":"2021-02-10T22:29:20","slug":"consultation-telephonique","status":"publish","type":"product","link":"https:\/\/mysteresetbouledecristal.fr\/?product=consultation-telephonique","title":{"rendered":"Consultation T\u00e9l\u00e9phonique"},"content":{"rendered":"<blockquote>\n<h3><em>Si vous souhaitez une consultation de Voyance avec Sabine, sur rendez-vous, par correspondance, t\u00e9l\u00e9phone ou via Skype, vous pouvez la r\u00e9server d\u00e8s maintenant. <\/em><\/h3>\n<\/blockquote>\n<p><strong>Pour cela, rien de plus simple : il vous suffit d&#8217;ajouter cet &#8221; Article &#8221; \u00e0 votre panier. Une fois r\u00e9gl\u00e9, contactez Sabine au 06 41 74 96 84, celle ci vous placera, selon ses disponibilit\u00e9s un rendez-vous t\u00e9l\u00e9phonique, par correspondance ou par skype d\u00e8s que possible.<\/strong><\/p>\n","protected":false},"excerpt":{"rendered":"<blockquote>\n<h3><em>Si vous souhaitez une consultation de Voyance avec Sabine, sur rendez-vous, par correspondance, t\u00e9l\u00e9phone ou via Skype, vous pouvez la r\u00e9server d\u00e8s maintenant. <\/em><\/h3>\n<\/blockquote>\n<p><strong>Pour cela, rien de plus simple : il vous suffit d&#8217;ajouter cet &#8221; Article &#8221; \u00e0 votre panier. Une fois r\u00e9gl\u00e9, contactez Sabine au 06 41 74 96 84, celle ci vous placera, selon ses disponibilit\u00e9s un rendez-vous t\u00e9l\u00e9phonique, par correspondance ou par skype d\u00e8s que possible.<\/strong><\/p>\n","protected":false},"featured_media":613,"comment_status":"open","ping_status":"closed","template":"","meta":[],"class_list":{"0":"post-610","1":"product","2":"type-product","3":"status-publish","4":"has-post-thumbnail","6":"product_cat-consultation-voyance","7":"product_tag-consultation","9":"first","10":"instock","11":"virtual","12":"taxable","13":"purchasable","14":"product-type-simple"},"jetpack_sharing_enabled":true,"_links":{"self":[{"href":"https:\/\/mysteresetbouledecristal.fr\/index.php?rest_route=\/wp\/v2\/product\/610","targetHints":{"allow":["GET"]}}],"collection":[{"href":"https:\/\/mysteresetbouledecristal.fr\/index.php?rest_route=\/wp\/v2\/product"}],"about":[{"href":"https:\/\/mysteresetbouledecristal.fr\/index.php?rest_route=\/wp\/v2\/types\/product"}],"replies":[{"embeddable":true,"href":"https:\/\/mysteresetbouledecristal.fr\/index.php?rest_route=%2Fwp%2Fv2%2Fcomments&post=610"}],"wp:featuredmedia":[{"embeddable":true,"href":"https:\/\/mysteresetbouledecristal.fr\/index.php?rest_route=\/wp\/v2\/media\/613"}],"wp:attachment":[{"href":"https:\/\/mysteresetbouledecristal.fr\/index.php?rest_route=%2Fwp%2Fv2%2Fmedia&parent=610"}],"curies":[{"name":"wp","href":"https:\/\/api.w.org\/{rel}","templated":true}]}}